{"id":931,"date":"2024-02-28T07:02:40","date_gmt":"2024-02-28T06:02:40","guid":{"rendered":"https:\/\/miles-and-more.qiibee.com\/empfohlene-partner\/"},"modified":"2025-07-01T07:25:15","modified_gmt":"2025-07-01T06:25:15","slug":"empfohlene-partner","status":"publish","type":"page","link":"https:\/\/miles-and-more.qiibee.com\/de\/","title":{"rendered":"Empfohlene Partner"},"content":{"rendered":"<p>[et_pb_section fb_built=&#8220;1&#8243; _builder_version=&#8220;4.27.4&#8243; _module_preset=&#8220;default&#8220; custom_padding=&#8220;0px||0px||true|false&#8220; global_colors_info=&#8220;{}&#8220;][et_pb_row _builder_version=&#8220;4.27.4&#8243; _module_preset=&#8220;default&#8220; width=&#8220;100%&#8220; max_width=&#8220;100%&#8220; module_alignment=&#8220;center&#8220; custom_padding=&#8220;0px||0px||true|false&#8220; global_colors_info=&#8220;{}&#8220;][et_pb_column type=&#8220;4_4&#8243; _builder_version=&#8220;4.24.2&#8243; _module_preset=&#8220;default&#8220; global_colors_info=&#8220;{}&#8220;][et_pb_post_slider posts_number=&#8220;3&#8243; include_categories=&#8220;12&#8243; orderby=&#8220;rand&#8220; more_text=&#8220;Mehr erfahren&#8220; show_meta=&#8220;off&#8220; bg_overlay_color=&#8220;rgba(5,22,77,0.7)&#8220; _builder_version=&#8220;4.27.4&#8243; _module_preset=&#8220;default&#8220; custom_button=&#8220;on&#8220; button_text_size=&#8220;18px&#8220; button_text_color=&#8220;#05164D&#8220; button_bg_color=&#8220;#FFFFFF&#8220; button_border_radius=&#8220;10px&#8220; button_font=&#8220;|700|||||||&#8220; button_use_icon=&#8220;off&#8220; button_alignment=&#8220;center&#8220; width=&#8220;100%&#8220; max_width=&#8220;100%&#8220; module_alignment=&#8220;center&#8220; custom_padding=&#8220;80px||80px||true|false&#8220; animation_style=&#8220;slide&#8220; animation_duration=&#8220;500ms&#8220; animation_intensity_slide=&#8220;20%&#8220; auto=&#8220;on&#8220; auto_speed=&#8220;5000&#8243; hover_enabled=&#8220;0&#8243; box_shadow_style_button=&#8220;preset1&#8243; box_shadow_vertical_button=&#8220;3px&#8220; global_colors_info=&#8220;{}&#8220; button_border_radius__hover=&#8220;10px&#8220; button_border_radius__hover_enabled=&#8220;on|hover&#8220; box_shadow_vertical_button__hover=&#8220;9px&#8220; box_shadow_vertical_button__hover_enabled=&#8220;on|hover&#8220; sticky_enabled=&#8220;0&#8243;][\/et_pb_post_slider][\/et_pb_column][\/et_pb_row][\/et_pb_section][et_pb_section fb_built=&#8220;1&#8243; admin_label=&#8220;Featured Section&#8220; _builder_version=&#8220;4.24.2&#8243; _module_preset=&#8220;default&#8220; background_color=&#8220;#fafafa&#8220; custom_padding=&#8220;80px||40px||false|false&#8220; global_colors_info=&#8220;{}&#8220;][et_pb_row admin_label=&#8220;Section Title&#8220; _builder_version=&#8220;4.24.2&#8243; _module_preset=&#8220;default&#8220; custom_margin=&#8220;0px||0px||true|false&#8220; custom_padding=&#8220;0px||0px||true|false&#8220; global_colors_info=&#8220;{}&#8220;][et_pb_column type=&#8220;4_4&#8243; _builder_version=&#8220;4.24.2&#8243; _module_preset=&#8220;default&#8220; global_colors_info=&#8220;{}&#8220;][et_pb_text _builder_version=&#8220;4.24.2&#8243; _module_preset=&#8220;default&#8220; header_2_font=&#8220;|800|||||||&#8220; header_2_text_align=&#8220;left&#8220; header_2_text_color=&#8220;#05164D&#8220; header_2_font_size=&#8220;24px&#8220; custom_margin=&#8220;0px||0px||true|false&#8220; custom_padding=&#8220;0px||0px||true|false&#8220; border_color_bottom=&#8220;#05164D&#8220; global_colors_info=&#8220;{}&#8220;]<\/p>\n<h2>Empfohlene Partner<\/h2>\n<p>[\/et_pb_text][et_pb_divider color=&#8220;#05164D&#8220; divider_weight=&#8220;3px&#8220; _builder_version=&#8220;4.24.2&#8243; _module_preset=&#8220;default&#8220; width=&#8220;75px&#8220; module_alignment=&#8220;left&#8220; custom_margin=&#8220;12px||12px||true|false&#8220; custom_padding=&#8220;||||false|false&#8220; global_colors_info=&#8220;{}&#8220;][\/et_pb_divider][et_pb_blog posts_number=&#8220;2&#8243; include_categories=&#8220;10&#8243; show_more=&#8220;on&#8220; show_author=&#8220;off&#8220; show_date=&#8220;off&#8220; show_categories=&#8220;off&#8220; show_pagination=&#8220;off&#8220; admin_label=&#8220;Featured Partners&#8220; module_class=&#8220;et-blog-css-grid-2&#8243; _builder_version=&#8220;4.24.2&#8243; _module_preset=&#8220;default&#8220; header_font=&#8220;|800|||||||&#8220; header_font_size=&#8220;24px&#8220; read_more_font=&#8220;|700|||on|||#1E449C|&#8220; read_more_text_color=&#8220;#1E449C&#8220; read_more_font_size=&#8220;16px&#8220; global_colors_info=&#8220;{}&#8220;][\/et_pb_blog][et_pb_code disabled_on=&#8220;on|on|on&#8220; admin_label=&#8220;Code: Partner Grid&#8220; _builder_version=&#8220;4.25.1&#8243; _module_preset=&#8220;default&#8220; disabled=&#8220;on&#8220; locked=&#8220;off&#8220; global_colors_info=&#8220;{}&#8220;]<\/p>\n<style><!-- [et_pb_line_break_holder] -->  .et-blog-css-grid-2 &gt; div {<!-- [et_pb_line_break_holder] -->    display: grid;<!-- [et_pb_line_break_holder] -->    grid-template-columns: repeat(2, 1fr);<!-- [et_pb_line_break_holder] -->    grid-gap: 30px;<!-- [et_pb_line_break_holder] -->  }<!-- [et_pb_line_break_holder] -->  <!-- [et_pb_line_break_holder] -->  .et-blog-css-grid-3 &gt; div {<!-- [et_pb_line_break_holder] -->    display: grid;<!-- [et_pb_line_break_holder] -->    grid-template-columns: repeat(3, 1fr);<!-- [et_pb_line_break_holder] -->    grid-gap: 30px;<!-- [et_pb_line_break_holder] -->  }<!-- [et_pb_line_break_holder] -->  <!-- [et_pb_line_break_holder] -->  .et-blog-css-grid-4 &gt; div {<!-- [et_pb_line_break_holder] -->    display: grid;<!-- [et_pb_line_break_holder] -->    grid-template-columns: repeat(4, 1fr);<!-- [et_pb_line_break_holder] -->    grid-gap: 30px;<!-- [et_pb_line_break_holder] -->  }<!-- [et_pb_line_break_holder] -->  <!-- [et_pb_line_break_holder] -->  \/*** Responsive Styles Tablet And Below ***\/<!-- [et_pb_line_break_holder] -->  @media all and (max-width: 1100px) {<!-- [et_pb_line_break_holder] -->\t\t.et-blog-css-grid-4 &gt; div {<!-- [et_pb_line_break_holder] -->      grid-template-columns: repeat(3, 1fr);<!-- [et_pb_line_break_holder] -->    }<!-- [et_pb_line_break_holder] -->  }<!-- [et_pb_line_break_holder] -->  <!-- [et_pb_line_break_holder] -->  \/*** Responsive Styles Tablet And Below ***\/<!-- [et_pb_line_break_holder] -->  @media all and (max-width: 980px) {<!-- [et_pb_line_break_holder] -->\t\t.et-blog-css-grid-4 &gt; div {<!-- [et_pb_line_break_holder] -->      grid-template-columns: repeat(2, 1fr);<!-- [et_pb_line_break_holder] -->    }<!-- [et_pb_line_break_holder] -->  }<!-- [et_pb_line_break_holder] -->  <!-- [et_pb_line_break_holder] -->  \/*** Responsive Styles Smartphone Only ***\/<!-- [et_pb_line_break_holder] -->  @media all and (max-width: 767px) {<!-- [et_pb_line_break_holder] -->\t\t.et-blog-css-grid-2 &gt; div, .et-blog-css-grid-3 &gt; div, .et-blog-css-grid-4 &gt; div {<!-- [et_pb_line_break_holder] -->      grid-template-columns: 1fr;<!-- [et_pb_line_break_holder] -->  \t}<!-- [et_pb_line_break_holder] -->  }<!-- [et_pb_line_break_holder] --><\/style>\n<p>[\/et_pb_code][\/et_pb_column][\/et_pb_row][\/et_pb_section][et_pb_section fb_built=&#8220;1&#8243; admin_label=&#8220;Top picks Section&#8220; _builder_version=&#8220;4.24.2&#8243; _module_preset=&#8220;default&#8220; background_color=&#8220;#fafafa&#8220; custom_padding=&#8220;40px||40px||true|false&#8220; global_colors_info=&#8220;{}&#8220;][et_pb_row admin_label=&#8220;Section Title&#8220; _builder_version=&#8220;4.24.2&#8243; _module_preset=&#8220;default&#8220; custom_margin=&#8220;0px||0px||true|false&#8220; custom_padding=&#8220;0px||0px||true|false&#8220; global_colors_info=&#8220;{}&#8220;][et_pb_column type=&#8220;4_4&#8243; _builder_version=&#8220;4.24.2&#8243; _module_preset=&#8220;default&#8220; global_colors_info=&#8220;{}&#8220;][et_pb_text _builder_version=&#8220;4.24.2&#8243; _module_preset=&#8220;default&#8220; header_2_font=&#8220;|800|||||||&#8220; header_2_text_align=&#8220;left&#8220; header_2_text_color=&#8220;#05164D&#8220; header_2_font_size=&#8220;24px&#8220; custom_margin=&#8220;0px||0px||true|false&#8220; custom_padding=&#8220;0px||0px||true|false&#8220; border_color_bottom=&#8220;#05164D&#8220; global_colors_info=&#8220;{}&#8220;]<\/p>\n<h2>Top Auswahl<\/h2>\n<p>[\/et_pb_text][et_pb_divider color=&#8220;#05164D&#8220; divider_weight=&#8220;3px&#8220; _builder_version=&#8220;4.24.2&#8243; _module_preset=&#8220;default&#8220; width=&#8220;75px&#8220; module_alignment=&#8220;left&#8220; custom_margin=&#8220;12px||12px||true|false&#8220; custom_padding=&#8220;||||false|false&#8220; global_colors_info=&#8220;{}&#8220;][\/et_pb_divider][et_pb_blog posts_number=&#8220;3&#8243; include_categories=&#8220;8&#8243; show_more=&#8220;on&#8220; show_author=&#8220;off&#8220; show_date=&#8220;off&#8220; show_categories=&#8220;off&#8220; show_pagination=&#8220;off&#8220; admin_label=&#8220;Top Partners&#8220; module_class=&#8220;et-blog-css-grid-3&#8243; _builder_version=&#8220;4.24.2&#8243; _module_preset=&#8220;default&#8220; header_font=&#8220;|800|||||||&#8220; header_font_size=&#8220;24px&#8220; read_more_font=&#8220;|700|||on|||#1E449C|&#8220; read_more_text_color=&#8220;#1E449C&#8220; read_more_font_size=&#8220;16px&#8220; global_colors_info=&#8220;{}&#8220;][\/et_pb_blog][\/et_pb_column][\/et_pb_row][\/et_pb_section][et_pb_section fb_built=&#8220;1&#8243; admin_label=&#8220;Newest Section&#8220; _builder_version=&#8220;4.24.2&#8243; _module_preset=&#8220;default&#8220; background_color=&#8220;#fafafa&#8220; custom_padding=&#8220;40px||80px||false|false&#8220; global_colors_info=&#8220;{}&#8220;][et_pb_row admin_label=&#8220;Section Title&#8220; _builder_version=&#8220;4.24.2&#8243; _module_preset=&#8220;default&#8220; custom_margin=&#8220;0px||0px||true|false&#8220; custom_padding=&#8220;0px||0px||true|false&#8220; global_colors_info=&#8220;{}&#8220;][et_pb_column type=&#8220;4_4&#8243; _builder_version=&#8220;4.24.2&#8243; _module_preset=&#8220;default&#8220; global_colors_info=&#8220;{}&#8220;][et_pb_text _builder_version=&#8220;4.24.2&#8243; _module_preset=&#8220;default&#8220; header_2_font=&#8220;|800|||||||&#8220; header_2_text_align=&#8220;left&#8220; header_2_text_color=&#8220;#05164D&#8220; header_2_font_size=&#8220;24px&#8220; custom_margin=&#8220;0px||0px||true|false&#8220; custom_padding=&#8220;0px||0px||true|false&#8220; border_color_bottom=&#8220;#05164D&#8220; global_colors_info=&#8220;{}&#8220;]<\/p>\n<h2>Neueste Partner<\/h2>\n<p>[\/et_pb_text][et_pb_divider color=&#8220;#05164D&#8220; divider_weight=&#8220;3px&#8220; _builder_version=&#8220;4.24.2&#8243; _module_preset=&#8220;default&#8220; width=&#8220;75px&#8220; module_alignment=&#8220;left&#8220; custom_margin=&#8220;12px||12px||true|false&#8220; custom_padding=&#8220;||||false|false&#8220; global_colors_info=&#8220;{}&#8220;][\/et_pb_divider][et_pb_blog posts_number=&#8220;4&#8243; include_categories=&#8220;all&#8220; show_more=&#8220;on&#8220; show_author=&#8220;off&#8220; show_date=&#8220;off&#8220; show_categories=&#8220;off&#8220; show_pagination=&#8220;off&#8220; admin_label=&#8220;Newest Partners&#8220; module_class=&#8220;et-blog-css-grid-4&#8243; _builder_version=&#8220;4.24.2&#8243; _module_preset=&#8220;default&#8220; header_font=&#8220;|800|||||||&#8220; header_font_size=&#8220;24px&#8220; read_more_font=&#8220;|700|||on|||#1E449C|&#8220; read_more_text_color=&#8220;#1E449C&#8220; read_more_font_size=&#8220;16px&#8220; global_colors_info=&#8220;{}&#8220;][\/et_pb_blog][et_pb_button button_url=&#8220;@ET-DC@eyJkeW5hbWljIjp0cnVlLCJjb250ZW50IjoicG9zdF9saW5rX3VybF9wYWdlIiwic2V0dGluZ3MiOnsicG9zdF9pZCI6IjcyIn19@&#8220; button_text=&#8220;Alle Partner anzeigen&#8220; button_alignment=&#8220;right&#8220; button_alignment_tablet=&#8220;left&#8220; button_alignment_phone=&#8220;left&#8220; button_alignment_last_edited=&#8220;on|tablet&#8220; admin_label=&#8220;All Partners Button&#8220; _builder_version=&#8220;4.24.2&#8243; _dynamic_attributes=&#8220;button_url&#8220; _module_preset=&#8220;default&#8220; custom_button=&#8220;on&#8220; button_text_color=&#8220;#FFFFFF&#8220; button_bg_color=&#8220;#05164D&#8220; button_font=&#8220;|700||on|||||&#8220; button_use_icon=&#8220;off&#8220; custom_padding=&#8220;12px|24px|12px|24px|true|true&#8220; box_shadow_style=&#8220;preset1&#8243; box_shadow_vertical=&#8220;3px&#8220; box_shadow_blur=&#8220;6px&#8220; box_shadow_color=&#8220;rgba(0,0,0,0.2)&#8220; locked=&#8220;off&#8220; global_colors_info=&#8220;{}&#8220; button_border_radius__hover_enabled=&#8220;on|hover&#8220; button_border_radius__hover=&#8220;10px&#8220; box_shadow_vertical__hover_enabled=&#8220;on|hover&#8220; box_shadow_vertical__hover=&#8220;9px&#8220; box_shadow_blur__hover_enabled=&#8220;on|hover&#8220; box_shadow_blur__hover=&#8220;18px&#8220;][\/et_pb_button][\/et_pb_column][\/et_pb_row][\/et_pb_section][et_pb_section fb_built=&#8220;1&#8243; disabled_on=&#8220;off|off|off&#8220; admin_label=&#8220;qiibee link Section&#8220; _builder_version=&#8220;4.25.0&#8243; _module_preset=&#8220;default&#8220; background_color=&#8220;#fafafa&#8220; custom_padding=&#8220;40px||40px||false|false&#8220; border_width_top=&#8220;1px&#8220; border_color_top=&#8220;rgba(5,22,77,0.2)&#8220; locked=&#8220;off&#8220; global_colors_info=&#8220;{}&#8220;][et_pb_row admin_label=&#8220;Section Title&#8220; _builder_version=&#8220;4.24.3&#8243; _module_preset=&#8220;default&#8220; background_color=&#8220;#fafafa&#8220; custom_margin=&#8220;0px||0px||true|false&#8220; custom_padding=&#8220;40px||40px||true|false&#8220; global_colors_info=&#8220;{}&#8220;][et_pb_column type=&#8220;4_4&#8243; _builder_version=&#8220;4.24.3&#8243; _module_preset=&#8220;default&#8220; global_colors_info=&#8220;{}&#8220;][et_pb_text _builder_version=&#8220;4.25.0&#8243; _module_preset=&#8220;default&#8220; header_text_align=&#8220;center&#8220; header_text_color=&#8220;#fafafa&#8220; header_2_font=&#8220;|800|||||||&#8220; header_2_text_align=&#8220;center&#8220; header_2_text_color=&#8220;#05164D&#8220; header_2_font_size=&#8220;24px&#8220; text_orientation=&#8220;center&#8220; custom_margin=&#8220;0px||0px||true|false&#8220; custom_padding=&#8220;0px||0px||true|false&#8220; border_color_bottom=&#8220;#05164D&#8220; global_colors_info=&#8220;{}&#8220;]<\/p>\n<h2>Sind Sie daran interessiert, Miles &amp; More-Partner zu werden?<\/h2>\n<p>[\/et_pb_text][et_pb_divider color=&#8220;#05164D&#8220; divider_weight=&#8220;3px&#8220; _builder_version=&#8220;4.25.0&#8243; _module_preset=&#8220;default&#8220; width=&#8220;75px&#8220; module_alignment=&#8220;center&#8220; custom_margin=&#8220;12px||12px||true|false&#8220; custom_padding=&#8220;||||false|false&#8220; locked=&#8220;off&#8220; global_colors_info=&#8220;{}&#8220;][\/et_pb_divider][et_pb_text _builder_version=&#8220;4.24.3&#8243; _module_preset=&#8220;default&#8220; text_text_color=&#8220;#05164D&#8220; header_2_font=&#8220;|800|||||||&#8220; header_2_text_align=&#8220;left&#8220; header_2_text_color=&#8220;#05164D&#8220; header_2_font_size=&#8220;24px&#8220; text_orientation=&#8220;center&#8220; custom_margin=&#8220;0px||0px||true|false&#8220; custom_padding=&#8220;0px||12px||false|false&#8220; border_color_bottom=&#8220;#05164D&#8220; global_colors_info=&#8220;{}&#8220;]<\/p>\n<p>qiibee erleichtert Unternehmen die nahtlose Verbindung und er\u00f6ffnet Mitgliedern umfassendere M\u00f6glichkeiten zum Sammeln und Einl\u00f6sen von Meilen.<\/p>\n<p>[\/et_pb_text][et_pb_button button_url=&#8220;https:\/\/www.qiibee.com\/partners\/miles-and-more\/?utm_medium=Owned&amp;utm_source=Website&amp;utm_campaign=Miles_and_More&amp;utm_content=MM-Partner-Page&amp;utm_term=CTA&#8220; url_new_window=&#8220;on&#8220; button_text=&#8220;Mehr erfahren&#8220; button_alignment=&#8220;center&#8220; button_alignment_tablet=&#8220;left&#8220; button_alignment_phone=&#8220;left&#8220; button_alignment_last_edited=&#8220;on|tablet&#8220; admin_label=&#8220;Subscribe Button&#8220; _builder_version=&#8220;4.25.0&#8243; _module_preset=&#8220;default&#8220; custom_button=&#8220;on&#8220; button_text_color=&#8220;#FFFFFF&#8220; button_bg_color=&#8220;#05164D&#8220; button_font=&#8220;|700||on|||||&#8220; button_use_icon=&#8220;off&#8220; custom_padding=&#8220;12px|24px|12px|24px|true|true&#8220; box_shadow_style=&#8220;preset1&#8243; box_shadow_vertical=&#8220;3px&#8220; box_shadow_blur=&#8220;6px&#8220; box_shadow_color=&#8220;rgba(0,0,0,0.2)&#8220; locked=&#8220;off&#8220; global_colors_info=&#8220;{}&#8220; button_border_radius__hover_enabled=&#8220;on|hover&#8220; button_border_radius__hover=&#8220;10px&#8220; box_shadow_vertical__hover_enabled=&#8220;on|hover&#8220; box_shadow_vertical__hover=&#8220;9px&#8220; box_shadow_blur__hover_enabled=&#8220;on|hover&#8220; box_shadow_blur__hover=&#8220;18px&#8220;][\/et_pb_button][\/et_pb_column][\/et_pb_row][\/et_pb_section]<\/p>\n","protected":false},"excerpt":{"rendered":"<p>Werden Sie Partner von Miles &amp; More und belohnen Sie Ihre Kunden mit wertvollen Meilen. Miles &amp; More ist Europas f\u00fchrendes Treueprogramm f\u00fcr unterwegs. Seine 30-j\u00e4hrige Erfahrung und die Zusammenarbeit mit 200 globalen Partnern machen es zum Experten f\u00fcr individuelle Kundenbetreuung und -bindung.<\/p>\n","protected":false},"author":3,"featured_media":864,"parent":0,"menu_order":0,"comment_status":"closed","ping_status":"closed","template":"","meta":{"_et_pb_use_builder":"on","_et_pb_old_content":"","_et_gb_content_width":"","footnotes":""},"yoast_head":"<!-- This site is optimized with the Yoast SEO plugin v22.6 - https:\/\/yoast.com\/wordpress\/plugins\/seo\/ -->\n<title>Empfohlene Partner - Miles &amp; More Partners<\/title>\n<meta name=\"description\" content=\"Werden Sie Partner von Miles &amp; More und belohnen Sie Ihre Kunden mit wertvollen Meilen. Miles &amp; More ist Europas f\u00fchrendes Treueprogramm f\u00fcr unterwegs. Seine 30-j\u00e4hrige Erfahrung und die Zusammenarbeit mit 200 globalen Partnern machen es zum Experten f\u00fcr individuelle Kundenbetreuung und -bindung.\" \/>\n<meta name=\"robots\" content=\"index, follow, max-snippet:-1, max-image-preview:large, max-video-preview:-1\" \/>\n<link rel=\"canonical\" href=\"https:\/\/miles-and-more.qiibee.com\/de\/empfohlene-partner\/\" \/>\n<meta property=\"og:locale\" content=\"de_DE\" \/>\n<meta property=\"og:type\" content=\"article\" \/>\n<meta property=\"og:title\" content=\"Empfohlene Partner - Miles &amp; More Partners\" \/>\n<meta property=\"og:description\" content=\"Werden Sie Partner von Miles &amp; More und belohnen Sie Ihre Kunden mit wertvollen Meilen. Miles &amp; More ist Europas f\u00fchrendes Treueprogramm f\u00fcr unterwegs. Seine 30-j\u00e4hrige Erfahrung und die Zusammenarbeit mit 200 globalen Partnern machen es zum Experten f\u00fcr individuelle Kundenbetreuung und -bindung.\" \/>\n<meta property=\"og:url\" content=\"https:\/\/miles-and-more.qiibee.com\/de\/empfohlene-partner\/\" \/>\n<meta property=\"og:site_name\" content=\"Miles &amp; More Partners\" \/>\n<meta property=\"article:modified_time\" content=\"2025-07-01T06:25:15+00:00\" \/>\n<meta property=\"og:image\" content=\"https:\/\/miles-and-more.qiibee.com\/wp-content\/uploads\/2024\/03\/qb-mm-pertners-ftd.png\" \/>\n\t<meta property=\"og:image:width\" content=\"1920\" \/>\n\t<meta property=\"og:image:height\" content=\"1080\" \/>\n\t<meta property=\"og:image:type\" content=\"image\/png\" \/>\n<meta name=\"twitter:card\" content=\"summary_large_image\" \/>\n<meta name=\"twitter:label1\" content=\"Gesch\u00e4tzte Lesezeit\" \/>\n\t<meta name=\"twitter:data1\" content=\"8\u00a0Minuten\" \/>\n<script type=\"application\/ld+json\" class=\"yoast-schema-graph\">{\"@context\":\"https:\/\/schema.org\",\"@graph\":[{\"@type\":\"WebPage\",\"@id\":\"https:\/\/miles-and-more.qiibee.com\/de\/empfohlene-partner\/\",\"url\":\"https:\/\/miles-and-more.qiibee.com\/de\/empfohlene-partner\/\",\"name\":\"Empfohlene Partner - Miles &amp; More Partners\",\"isPartOf\":{\"@id\":\"https:\/\/miles-and-more.qiibee.com\/#website\"},\"primaryImageOfPage\":{\"@id\":\"https:\/\/miles-and-more.qiibee.com\/de\/empfohlene-partner\/#primaryimage\"},\"image\":{\"@id\":\"https:\/\/miles-and-more.qiibee.com\/de\/empfohlene-partner\/#primaryimage\"},\"thumbnailUrl\":\"https:\/\/miles-and-more.qiibee.com\/wp-content\/uploads\/2024\/03\/qb-mm-pertners-ftd.png\",\"datePublished\":\"2024-02-28T06:02:40+00:00\",\"dateModified\":\"2025-07-01T06:25:15+00:00\",\"description\":\"Werden Sie Partner von Miles &amp; More und belohnen Sie Ihre Kunden mit wertvollen Meilen. Miles &amp; More ist Europas f\u00fchrendes Treueprogramm f\u00fcr unterwegs. Seine 30-j\u00e4hrige Erfahrung und die Zusammenarbeit mit 200 globalen Partnern machen es zum Experten f\u00fcr individuelle Kundenbetreuung und -bindung.\",\"breadcrumb\":{\"@id\":\"https:\/\/miles-and-more.qiibee.com\/de\/empfohlene-partner\/#breadcrumb\"},\"inLanguage\":\"de\",\"potentialAction\":[{\"@type\":\"ReadAction\",\"target\":[\"https:\/\/miles-and-more.qiibee.com\/de\/empfohlene-partner\/\"]}]},{\"@type\":\"ImageObject\",\"inLanguage\":\"de\",\"@id\":\"https:\/\/miles-and-more.qiibee.com\/de\/empfohlene-partner\/#primaryimage\",\"url\":\"https:\/\/miles-and-more.qiibee.com\/wp-content\/uploads\/2024\/03\/qb-mm-pertners-ftd.png\",\"contentUrl\":\"https:\/\/miles-and-more.qiibee.com\/wp-content\/uploads\/2024\/03\/qb-mm-pertners-ftd.png\",\"width\":1920,\"height\":1080},{\"@type\":\"BreadcrumbList\",\"@id\":\"https:\/\/miles-and-more.qiibee.com\/de\/empfohlene-partner\/#breadcrumb\",\"itemListElement\":[{\"@type\":\"ListItem\",\"position\":1,\"name\":\"Home\",\"item\":\"https:\/\/miles-and-more.qiibee.com\/de\/empfohlene-partner\/\"},{\"@type\":\"ListItem\",\"position\":2,\"name\":\"Empfohlene Partner\"}]},{\"@type\":\"WebSite\",\"@id\":\"https:\/\/miles-and-more.qiibee.com\/#website\",\"url\":\"https:\/\/miles-and-more.qiibee.com\/\",\"name\":\"Miles &amp; More Partners\",\"description\":\"Miles &amp; More Partners\",\"potentialAction\":[{\"@type\":\"SearchAction\",\"target\":{\"@type\":\"EntryPoint\",\"urlTemplate\":\"https:\/\/miles-and-more.qiibee.com\/?s={search_term_string}\"},\"query-input\":\"required name=search_term_string\"}],\"inLanguage\":\"de\"}]}<\/script>\n<!-- \/ Yoast SEO plugin. -->","yoast_head_json":{"title":"Empfohlene Partner - Miles &amp; More Partners","description":"Werden Sie Partner von Miles &amp; More und belohnen Sie Ihre Kunden mit wertvollen Meilen. Miles &amp; More ist Europas f\u00fchrendes Treueprogramm f\u00fcr unterwegs. Seine 30-j\u00e4hrige Erfahrung und die Zusammenarbeit mit 200 globalen Partnern machen es zum Experten f\u00fcr individuelle Kundenbetreuung und -bindung.","robots":{"index":"index","follow":"follow","max-snippet":"max-snippet:-1","max-image-preview":"max-image-preview:large","max-video-preview":"max-video-preview:-1"},"canonical":"https:\/\/miles-and-more.qiibee.com\/de\/empfohlene-partner\/","og_locale":"de_DE","og_type":"article","og_title":"Empfohlene Partner - Miles &amp; More Partners","og_description":"Werden Sie Partner von Miles &amp; More und belohnen Sie Ihre Kunden mit wertvollen Meilen. Miles &amp; More ist Europas f\u00fchrendes Treueprogramm f\u00fcr unterwegs. Seine 30-j\u00e4hrige Erfahrung und die Zusammenarbeit mit 200 globalen Partnern machen es zum Experten f\u00fcr individuelle Kundenbetreuung und -bindung.","og_url":"https:\/\/miles-and-more.qiibee.com\/de\/empfohlene-partner\/","og_site_name":"Miles &amp; More Partners","article_modified_time":"2025-07-01T06:25:15+00:00","og_image":[{"width":1920,"height":1080,"url":"https:\/\/miles-and-more.qiibee.com\/wp-content\/uploads\/2024\/03\/qb-mm-pertners-ftd.png","type":"image\/png"}],"twitter_card":"summary_large_image","twitter_misc":{"Gesch\u00e4tzte Lesezeit":"8\u00a0Minuten"},"schema":{"@context":"https:\/\/schema.org","@graph":[{"@type":"WebPage","@id":"https:\/\/miles-and-more.qiibee.com\/de\/empfohlene-partner\/","url":"https:\/\/miles-and-more.qiibee.com\/de\/empfohlene-partner\/","name":"Empfohlene Partner - Miles &amp; More Partners","isPartOf":{"@id":"https:\/\/miles-and-more.qiibee.com\/#website"},"primaryImageOfPage":{"@id":"https:\/\/miles-and-more.qiibee.com\/de\/empfohlene-partner\/#primaryimage"},"image":{"@id":"https:\/\/miles-and-more.qiibee.com\/de\/empfohlene-partner\/#primaryimage"},"thumbnailUrl":"https:\/\/miles-and-more.qiibee.com\/wp-content\/uploads\/2024\/03\/qb-mm-pertners-ftd.png","datePublished":"2024-02-28T06:02:40+00:00","dateModified":"2025-07-01T06:25:15+00:00","description":"Werden Sie Partner von Miles &amp; More und belohnen Sie Ihre Kunden mit wertvollen Meilen. Miles &amp; More ist Europas f\u00fchrendes Treueprogramm f\u00fcr unterwegs. Seine 30-j\u00e4hrige Erfahrung und die Zusammenarbeit mit 200 globalen Partnern machen es zum Experten f\u00fcr individuelle Kundenbetreuung und -bindung.","breadcrumb":{"@id":"https:\/\/miles-and-more.qiibee.com\/de\/empfohlene-partner\/#breadcrumb"},"inLanguage":"de","potentialAction":[{"@type":"ReadAction","target":["https:\/\/miles-and-more.qiibee.com\/de\/empfohlene-partner\/"]}]},{"@type":"ImageObject","inLanguage":"de","@id":"https:\/\/miles-and-more.qiibee.com\/de\/empfohlene-partner\/#primaryimage","url":"https:\/\/miles-and-more.qiibee.com\/wp-content\/uploads\/2024\/03\/qb-mm-pertners-ftd.png","contentUrl":"https:\/\/miles-and-more.qiibee.com\/wp-content\/uploads\/2024\/03\/qb-mm-pertners-ftd.png","width":1920,"height":1080},{"@type":"BreadcrumbList","@id":"https:\/\/miles-and-more.qiibee.com\/de\/empfohlene-partner\/#breadcrumb","itemListElement":[{"@type":"ListItem","position":1,"name":"Home","item":"https:\/\/miles-and-more.qiibee.com\/de\/empfohlene-partner\/"},{"@type":"ListItem","position":2,"name":"Empfohlene Partner"}]},{"@type":"WebSite","@id":"https:\/\/miles-and-more.qiibee.com\/#website","url":"https:\/\/miles-and-more.qiibee.com\/","name":"Miles &amp; More Partners","description":"Miles &amp; More Partners","potentialAction":[{"@type":"SearchAction","target":{"@type":"EntryPoint","urlTemplate":"https:\/\/miles-and-more.qiibee.com\/?s={search_term_string}"},"query-input":"required name=search_term_string"}],"inLanguage":"de"}]}},"_links":{"self":[{"href":"https:\/\/miles-and-more.qiibee.com\/de\/wp-json\/wp\/v2\/pages\/931"}],"collection":[{"href":"https:\/\/miles-and-more.qiibee.com\/de\/wp-json\/wp\/v2\/pages"}],"about":[{"href":"https:\/\/miles-and-more.qiibee.com\/de\/wp-json\/wp\/v2\/types\/page"}],"author":[{"embeddable":true,"href":"https:\/\/miles-and-more.qiibee.com\/de\/wp-json\/wp\/v2\/users\/3"}],"replies":[{"embeddable":true,"href":"https:\/\/miles-and-more.qiibee.com\/de\/wp-json\/wp\/v2\/comments?post=931"}],"version-history":[{"count":33,"href":"https:\/\/miles-and-more.qiibee.com\/de\/wp-json\/wp\/v2\/pages\/931\/revisions"}],"predecessor-version":[{"id":2259,"href":"https:\/\/miles-and-more.qiibee.com\/de\/wp-json\/wp\/v2\/pages\/931\/revisions\/2259"}],"wp:featuredmedia":[{"embeddable":true,"href":"https:\/\/miles-and-more.qiibee.com\/de\/wp-json\/wp\/v2\/media\/864"}],"wp:attachment":[{"href":"https:\/\/miles-and-more.qiibee.com\/de\/wp-json\/wp\/v2\/media?parent=931"}],"curies":[{"name":"wp","href":"https:\/\/api.w.org\/{rel}","templated":true}]}}