{"id":943,"date":"2024-03-01T21:11:22","date_gmt":"2024-03-01T20:11:22","guid":{"rendered":"https:\/\/miles-and-more.qiibee.com\/alle-partner\/"},"modified":"2024-05-07T11:07:33","modified_gmt":"2024-05-07T10:07:33","slug":"alle-partner","status":"publish","type":"page","link":"https:\/\/miles-and-more.qiibee.com\/de\/alle-partner\/","title":{"rendered":"Alle Partner"},"content":{"rendered":"<p>[et_pb_section fb_built=&#8220;1&#8243; admin_label=&#8220;All Section&#8220; _builder_version=&#8220;4.24.2&#8243; _module_preset=&#8220;default&#8220; background_color=&#8220;#fafafa&#8220; custom_padding=&#8220;80px||40px||false|false&#8220; locked=&#8220;off&#8220; global_colors_info=&#8220;{}&#8220;][et_pb_row admin_label=&#8220;Section Title&#8220; _builder_version=&#8220;4.24.2&#8243; _module_preset=&#8220;default&#8220; custom_margin=&#8220;0px||0px||true|false&#8220; custom_padding=&#8220;0px||0px||true|false&#8220; global_colors_info=&#8220;{}&#8220;][et_pb_column type=&#8220;4_4&#8243; _builder_version=&#8220;4.24.2&#8243; _module_preset=&#8220;default&#8220; global_colors_info=&#8220;{}&#8220;][et_pb_text _builder_version=&#8220;4.24.2&#8243; _module_preset=&#8220;default&#8220; header_2_font=&#8220;|800|||||||&#8220; header_2_text_align=&#8220;left&#8220; header_2_text_color=&#8220;#05164D&#8220; header_2_font_size=&#8220;24px&#8220; custom_margin=&#8220;0px||0px||true|false&#8220; custom_padding=&#8220;0px||0px||true|false&#8220; border_color_bottom=&#8220;#05164D&#8220; global_colors_info=&#8220;{}&#8220;]<\/p>\n<h2>Alle Partner<\/h2>\n<p>[\/et_pb_text][et_pb_divider color=&#8220;#05164D&#8220; divider_weight=&#8220;3px&#8220; _builder_version=&#8220;4.24.2&#8243; _module_preset=&#8220;default&#8220; width=&#8220;75px&#8220; module_alignment=&#8220;left&#8220; custom_margin=&#8220;12px||12px||true|false&#8220; custom_padding=&#8220;||||false|false&#8220; global_colors_info=&#8220;{}&#8220;][\/et_pb_divider][et_pb_search exclude_pages=&#8220;on&#8220; placeholder=&#8220;Suche nach Partner, Kategorie oder Stichwort&#8220; button_color=&#8220;#FFFFFF&#8220; placeholder_color=&#8220;rgba(5,22,77,0.7)&#8220; _builder_version=&#8220;4.25.0&#8243; _module_preset=&#8220;default&#8220; form_field_background_color=&#8220;#FFFFFF&#8220; form_field_text_color=&#8220;#05164D&#8220; form_field_focus_background_color=&#8220;#FFFFFF&#8220; form_field_focus_text_color=&#8220;#05164D&#8220; button_font=&#8220;|700|||||||&#8220; button_text_color=&#8220;#05164D&#8220; custom_margin=&#8220;||30px||false|false&#8220; custom_padding=&#8220;16px|16px|16px|16px|true|true&#8220; hover_enabled=&#8220;0&#8243; border_radii=&#8220;on|10px|10px|10px|10px&#8220; border_width_all=&#8220;0px&#8220; box_shadow_style=&#8220;preset1&#8243; box_shadow_vertical=&#8220;3px&#8220; box_shadow_blur=&#8220;6px&#8220; box_shadow_color=&#8220;rgba(0,0,0,0.2)&#8220; global_colors_info=&#8220;{}&#8220; sticky_enabled=&#8220;0&#8243; locked=&#8220;off&#8220;][\/et_pb_search][et_pb_blog posts_number=&#8220;48&#8243; include_categories=&#8220;all&#8220; show_more=&#8220;on&#8220; show_author=&#8220;off&#8220; show_date=&#8220;off&#8220; show_categories=&#8220;off&#8220; show_pagination=&#8220;off&#8220; admin_label=&#8220;All Partners&#8220; module_class=&#8220;et-blog-css-grid-4&#8243; _builder_version=&#8220;4.24.2&#8243; _module_preset=&#8220;default&#8220; header_font=&#8220;|800|||||||&#8220; header_font_size=&#8220;24px&#8220; read_more_font=&#8220;|700|||on|||#1E449C|&#8220; read_more_text_color=&#8220;#1E449C&#8220; read_more_font_size=&#8220;16px&#8220; global_colors_info=&#8220;{}&#8220;][\/et_pb_blog][et_pb_code admin_label=&#8220;Code: Partner Grid&#8220; _builder_version=&#8220;4.24.2&#8243; _module_preset=&#8220;default&#8220; locked=&#8220;off&#8220; global_colors_info=&#8220;{}&#8220;]<\/p>\n<style><!-- [et_pb_line_break_holder] -->  .et-blog-css-grid-2 &gt; div {<!-- [et_pb_line_break_holder] -->    display: grid;<!-- [et_pb_line_break_holder] -->    grid-template-columns: repeat(2, 1fr);<!-- [et_pb_line_break_holder] -->    grid-gap: 30px;<!-- [et_pb_line_break_holder] -->  }<!-- [et_pb_line_break_holder] -->  <!-- [et_pb_line_break_holder] -->  .et-blog-css-grid-3 &gt; div {<!-- [et_pb_line_break_holder] -->    display: grid;<!-- [et_pb_line_break_holder] -->    grid-template-columns: repeat(3, 1fr);<!-- [et_pb_line_break_holder] -->    grid-gap: 30px;<!-- [et_pb_line_break_holder] -->  }<!-- [et_pb_line_break_holder] -->  <!-- [et_pb_line_break_holder] -->  .et-blog-css-grid-4 &gt; div {<!-- [et_pb_line_break_holder] -->    display: grid;<!-- [et_pb_line_break_holder] -->    grid-template-columns: repeat(4, 1fr);<!-- [et_pb_line_break_holder] -->    grid-gap: 30px;<!-- [et_pb_line_break_holder] -->  }<!-- [et_pb_line_break_holder] -->  <!-- [et_pb_line_break_holder] -->  \/*** Responsive Styles Tablet And Below ***\/<!-- [et_pb_line_break_holder] -->  @media all and (max-width: 1100px) {<!-- [et_pb_line_break_holder] -->\t\t.et-blog-css-grid-4 &gt; div {<!-- [et_pb_line_break_holder] -->      grid-template-columns: repeat(3, 1fr);<!-- [et_pb_line_break_holder] -->    }<!-- [et_pb_line_break_holder] -->  }<!-- [et_pb_line_break_holder] -->  <!-- [et_pb_line_break_holder] -->  \/*** Responsive Styles Tablet And Below ***\/<!-- [et_pb_line_break_holder] -->  @media all and (max-width: 980px) {<!-- [et_pb_line_break_holder] -->\t\t.et-blog-css-grid-4 &gt; div {<!-- [et_pb_line_break_holder] -->      grid-template-columns: repeat(2, 1fr);<!-- [et_pb_line_break_holder] -->    }<!-- [et_pb_line_break_holder] -->  }<!-- [et_pb_line_break_holder] -->  <!-- [et_pb_line_break_holder] -->  \/*** Responsive Styles Smartphone Only ***\/<!-- [et_pb_line_break_holder] -->  @media all and (max-width: 767px) {<!-- [et_pb_line_break_holder] -->\t\t.et-blog-css-grid-2 &gt; div, .et-blog-css-grid-3 &gt; div, .et-blog-css-grid-4 &gt; div {<!-- [et_pb_line_break_holder] -->      grid-template-columns: 1fr;<!-- [et_pb_line_break_holder] -->  \t}<!-- [et_pb_line_break_holder] -->  }<!-- [et_pb_line_break_holder] --><\/style>\n<p>[\/et_pb_code][\/et_pb_column][\/et_pb_row][\/et_pb_section][et_pb_section fb_built=&#8220;1&#8243; disabled_on=&#8220;on|on|on&#8220; admin_label=&#8220;Premium Section&#8220; _builder_version=&#8220;4.24.2&#8243; _module_preset=&#8220;default&#8220; background_color=&#8220;#fafafa&#8220; custom_padding=&#8220;80px||40px||false|false&#8220; disabled=&#8220;on&#8220; locked=&#8220;off&#8220; collapsed=&#8220;on&#8220; global_colors_info=&#8220;{}&#8220;][et_pb_row admin_label=&#8220;Section Title&#8220; _builder_version=&#8220;4.24.2&#8243; _module_preset=&#8220;default&#8220; custom_margin=&#8220;0px||0px||true|false&#8220; custom_padding=&#8220;0px||0px||true|false&#8220; collapsed=&#8220;on&#8220; global_colors_info=&#8220;{}&#8220;][et_pb_column type=&#8220;4_4&#8243; _builder_version=&#8220;4.24.2&#8243; _module_preset=&#8220;default&#8220; global_colors_info=&#8220;{}&#8220;][et_pb_text _builder_version=&#8220;4.24.2&#8243; _module_preset=&#8220;default&#8220; header_2_font=&#8220;|800|||||||&#8220; header_2_text_align=&#8220;left&#8220; header_2_text_color=&#8220;#05164D&#8220; header_2_font_size=&#8220;24px&#8220; custom_margin=&#8220;0px||0px||true|false&#8220; custom_padding=&#8220;0px||0px||true|false&#8220; border_color_bottom=&#8220;#05164D&#8220; global_colors_info=&#8220;{}&#8220;]<\/p>\n<h2>Premium Partner<\/h2>\n<p>[\/et_pb_text][et_pb_divider color=&#8220;#05164D&#8220; divider_weight=&#8220;3px&#8220; _builder_version=&#8220;4.24.2&#8243; _module_preset=&#8220;default&#8220; width=&#8220;75px&#8220; module_alignment=&#8220;left&#8220; custom_margin=&#8220;12px||12px||true|false&#8220; custom_padding=&#8220;||||false|false&#8220; global_colors_info=&#8220;{}&#8220;][\/et_pb_divider][et_pb_blog posts_number=&#8220;48&#8243; include_categories=&#8220;9&#8243; show_more=&#8220;on&#8220; show_author=&#8220;off&#8220; show_date=&#8220;off&#8220; show_categories=&#8220;off&#8220; show_pagination=&#8220;off&#8220; admin_label=&#8220;Premium Partners&#8220; module_class=&#8220;et-blog-css-grid-4&#8243; _builder_version=&#8220;4.24.2&#8243; _module_preset=&#8220;default&#8220; header_font=&#8220;|800|||||||&#8220; header_font_size=&#8220;24px&#8220; read_more_font=&#8220;|700|||on|||#1E449C|&#8220; read_more_text_color=&#8220;#1E449C&#8220; read_more_font_size=&#8220;16px&#8220; global_colors_info=&#8220;{}&#8220;][\/et_pb_blog][et_pb_code admin_label=&#8220;Code: Partner Grid&#8220; _builder_version=&#8220;4.24.2&#8243; _module_preset=&#8220;default&#8220; locked=&#8220;off&#8220; global_colors_info=&#8220;{}&#8220;]<\/p>\n<style><!-- [et_pb_line_break_holder] -->  .et-blog-css-grid-2 &gt; div {<!-- [et_pb_line_break_holder] -->    display: grid;<!-- [et_pb_line_break_holder] -->    grid-template-columns: repeat(2, 1fr);<!-- [et_pb_line_break_holder] -->    grid-gap: 30px;<!-- [et_pb_line_break_holder] -->  }<!-- [et_pb_line_break_holder] -->  <!-- [et_pb_line_break_holder] -->  .et-blog-css-grid-3 &gt; div {<!-- [et_pb_line_break_holder] -->    display: grid;<!-- [et_pb_line_break_holder] -->    grid-template-columns: repeat(3, 1fr);<!-- [et_pb_line_break_holder] -->    grid-gap: 30px;<!-- [et_pb_line_break_holder] -->  }<!-- [et_pb_line_break_holder] -->  <!-- [et_pb_line_break_holder] -->  .et-blog-css-grid-4 &gt; div {<!-- [et_pb_line_break_holder] -->    display: grid;<!-- [et_pb_line_break_holder] -->    grid-template-columns: repeat(4, 1fr);<!-- [et_pb_line_break_holder] -->    grid-gap: 30px;<!-- [et_pb_line_break_holder] -->  }<!-- [et_pb_line_break_holder] -->  <!-- [et_pb_line_break_holder] -->  \/*** Responsive Styles Tablet And Below ***\/<!-- [et_pb_line_break_holder] -->  @media all and (max-width: 1100px) {<!-- [et_pb_line_break_holder] -->\t\t.et-blog-css-grid-4 &gt; div {<!-- [et_pb_line_break_holder] -->      grid-template-columns: repeat(3, 1fr);<!-- [et_pb_line_break_holder] -->    }<!-- [et_pb_line_break_holder] -->  }<!-- [et_pb_line_break_holder] -->  <!-- [et_pb_line_break_holder] -->  \/*** Responsive Styles Tablet And Below ***\/<!-- [et_pb_line_break_holder] -->  @media all and (max-width: 980px) {<!-- [et_pb_line_break_holder] -->\t\t.et-blog-css-grid-4 &gt; div {<!-- [et_pb_line_break_holder] -->      grid-template-columns: repeat(2, 1fr);<!-- [et_pb_line_break_holder] -->    }<!-- [et_pb_line_break_holder] -->  }<!-- [et_pb_line_break_holder] -->  <!-- [et_pb_line_break_holder] -->  \/*** Responsive Styles Smartphone Only ***\/<!-- [et_pb_line_break_holder] -->  @media all and (max-width: 767px) {<!-- [et_pb_line_break_holder] -->\t\t.et-blog-css-grid-2 &gt; div, .et-blog-css-grid-3 &gt; div, .et-blog-css-grid-4 &gt; div {<!-- [et_pb_line_break_holder] -->      grid-template-columns: 1fr;<!-- [et_pb_line_break_holder] -->  \t}<!-- [et_pb_line_break_holder] -->  }<!-- [et_pb_line_break_holder] --><\/style>\n<p>[\/et_pb_code][\/et_pb_column][\/et_pb_row][\/et_pb_section][et_pb_section fb_built=&#8220;1&#8243; disabled_on=&#8220;on|on|on&#8220; admin_label=&#8220;Plus Section&#8220; _builder_version=&#8220;4.24.2&#8243; _module_preset=&#8220;default&#8220; background_color=&#8220;#fafafa&#8220; custom_padding=&#8220;80px||40px||false|false&#8220; disabled=&#8220;on&#8220; locked=&#8220;off&#8220; collapsed=&#8220;on&#8220; global_colors_info=&#8220;{}&#8220;][et_pb_row admin_label=&#8220;Section Title&#8220; _builder_version=&#8220;4.24.2&#8243; _module_preset=&#8220;default&#8220; custom_margin=&#8220;0px||0px||true|false&#8220; custom_padding=&#8220;0px||0px||true|false&#8220; collapsed=&#8220;on&#8220; global_colors_info=&#8220;{}&#8220;][et_pb_column type=&#8220;4_4&#8243; _builder_version=&#8220;4.24.2&#8243; _module_preset=&#8220;default&#8220; global_colors_info=&#8220;{}&#8220;][et_pb_text _builder_version=&#8220;4.24.2&#8243; _module_preset=&#8220;default&#8220; header_2_font=&#8220;|800|||||||&#8220; header_2_text_align=&#8220;left&#8220; header_2_text_color=&#8220;#05164D&#8220; header_2_font_size=&#8220;24px&#8220; custom_margin=&#8220;0px||0px||true|false&#8220; custom_padding=&#8220;0px||0px||true|false&#8220; border_color_bottom=&#8220;#05164D&#8220; global_colors_info=&#8220;{}&#8220;]<\/p>\n<h2>Plus Partner<\/h2>\n<p>[\/et_pb_text][et_pb_divider color=&#8220;#05164D&#8220; divider_weight=&#8220;3px&#8220; _builder_version=&#8220;4.24.2&#8243; _module_preset=&#8220;default&#8220; width=&#8220;75px&#8220; module_alignment=&#8220;left&#8220; custom_margin=&#8220;12px||12px||true|false&#8220; custom_padding=&#8220;||||false|false&#8220; global_colors_info=&#8220;{}&#8220;][\/et_pb_divider][et_pb_blog posts_number=&#8220;48&#8243; include_categories=&#8220;11&#8243; show_more=&#8220;on&#8220; show_author=&#8220;off&#8220; show_date=&#8220;off&#8220; show_categories=&#8220;off&#8220; show_pagination=&#8220;off&#8220; admin_label=&#8220;Plus Partners&#8220; module_class=&#8220;et-blog-css-grid-4&#8243; _builder_version=&#8220;4.24.2&#8243; _module_preset=&#8220;default&#8220; header_font=&#8220;|800|||||||&#8220; header_font_size=&#8220;24px&#8220; read_more_font=&#8220;|700|||on|||#1E449C|&#8220; read_more_text_color=&#8220;#1E449C&#8220; read_more_font_size=&#8220;16px&#8220; global_colors_info=&#8220;{}&#8220;][\/et_pb_blog][\/et_pb_column][\/et_pb_row][\/et_pb_section][et_pb_section fb_built=&#8220;1&#8243; disabled_on=&#8220;on|on|on&#8220; admin_label=&#8220;Basic Section&#8220; _builder_version=&#8220;4.24.2&#8243; _module_preset=&#8220;default&#8220; background_color=&#8220;#fafafa&#8220; custom_padding=&#8220;80px||40px||false|false&#8220; disabled=&#8220;on&#8220; locked=&#8220;off&#8220; collapsed=&#8220;on&#8220; global_colors_info=&#8220;{}&#8220;][et_pb_row admin_label=&#8220;Section Title&#8220; _builder_version=&#8220;4.24.2&#8243; _module_preset=&#8220;default&#8220; custom_margin=&#8220;0px||0px||true|false&#8220; custom_padding=&#8220;0px||0px||true|false&#8220; collapsed=&#8220;on&#8220; global_colors_info=&#8220;{}&#8220;][et_pb_column type=&#8220;4_4&#8243; _builder_version=&#8220;4.24.2&#8243; _module_preset=&#8220;default&#8220; global_colors_info=&#8220;{}&#8220;][et_pb_text _builder_version=&#8220;4.24.2&#8243; _module_preset=&#8220;default&#8220; header_2_font=&#8220;|800|||||||&#8220; header_2_text_align=&#8220;left&#8220; header_2_text_color=&#8220;#05164D&#8220; header_2_font_size=&#8220;24px&#8220; custom_margin=&#8220;0px||0px||true|false&#8220; custom_padding=&#8220;0px||0px||true|false&#8220; border_color_bottom=&#8220;#05164D&#8220; global_colors_info=&#8220;{}&#8220;]<\/p>\n<h2>Basic Partner<\/h2>\n<p>[\/et_pb_text][et_pb_divider color=&#8220;#05164D&#8220; divider_weight=&#8220;3px&#8220; _builder_version=&#8220;4.24.2&#8243; _module_preset=&#8220;default&#8220; width=&#8220;75px&#8220; module_alignment=&#8220;left&#8220; custom_margin=&#8220;12px||12px||true|false&#8220; custom_padding=&#8220;||||false|false&#8220; global_colors_info=&#8220;{}&#8220;][\/et_pb_divider][et_pb_blog posts_number=&#8220;48&#8243; include_categories=&#8220;7&#8243; show_more=&#8220;on&#8220; show_author=&#8220;off&#8220; show_date=&#8220;off&#8220; show_categories=&#8220;off&#8220; show_pagination=&#8220;off&#8220; admin_label=&#8220;Basic Partners&#8220; module_class=&#8220;et-blog-css-grid-4&#8243; _builder_version=&#8220;4.24.2&#8243; _module_preset=&#8220;default&#8220; header_font=&#8220;|800|||||||&#8220; header_font_size=&#8220;24px&#8220; read_more_font=&#8220;|700|||on|||#1E449C|&#8220; read_more_text_color=&#8220;#1E449C&#8220; read_more_font_size=&#8220;16px&#8220; global_colors_info=&#8220;{}&#8220;][\/et_pb_blog][\/et_pb_column][\/et_pb_row][\/et_pb_section]<\/p>\n","protected":false},"excerpt":{"rendered":"<p>Werden Sie Partner von Miles &amp; More und belohnen Sie Ihre Kunden mit wertvollen Meilen. Miles &amp; More ist Europas f\u00fchrendes Treueprogramm f\u00fcr unterwegs. Seine 30-j\u00e4hrige Erfahrung und die Zusammenarbeit mit 200 globalen Partnern machen es zum Experten f\u00fcr individuelle Kundenbetreuung und -bindung.<\/p>\n","protected":false},"author":3,"featured_media":864,"parent":0,"menu_order":0,"comment_status":"closed","ping_status":"closed","template":"","meta":{"_et_pb_use_builder":"on","_et_pb_old_content":"","_et_gb_content_width":"","footnotes":""},"yoast_head":"<!-- This site is optimized with the Yoast SEO plugin v22.6 - https:\/\/yoast.com\/wordpress\/plugins\/seo\/ -->\n<title>Alle Partner - Miles &amp; More Partners<\/title>\n<meta name=\"description\" content=\"Werden Sie Partner von Miles &amp; More und belohnen Sie Ihre Kunden mit wertvollen Meilen. Miles &amp; More ist Europas f\u00fchrendes Treueprogramm f\u00fcr unterwegs. Seine 30-j\u00e4hrige Erfahrung und die Zusammenarbeit mit 200 globalen Partnern machen es zum Experten f\u00fcr individuelle Kundenbetreuung und -bindung.\" \/>\n<meta name=\"robots\" content=\"index, follow, max-snippet:-1, max-image-preview:large, max-video-preview:-1\" \/>\n<link rel=\"canonical\" href=\"https:\/\/miles-and-more.qiibee.com\/de\/alle-partner\/\" \/>\n<meta property=\"og:locale\" content=\"de_DE\" \/>\n<meta property=\"og:type\" content=\"article\" \/>\n<meta property=\"og:title\" content=\"Alle Partner - Miles &amp; More Partners\" \/>\n<meta property=\"og:description\" content=\"Werden Sie Partner von Miles &amp; More und belohnen Sie Ihre Kunden mit wertvollen Meilen. Miles &amp; More ist Europas f\u00fchrendes Treueprogramm f\u00fcr unterwegs. Seine 30-j\u00e4hrige Erfahrung und die Zusammenarbeit mit 200 globalen Partnern machen es zum Experten f\u00fcr individuelle Kundenbetreuung und -bindung.\" \/>\n<meta property=\"og:url\" content=\"https:\/\/miles-and-more.qiibee.com\/de\/alle-partner\/\" \/>\n<meta property=\"og:site_name\" content=\"Miles &amp; More Partners\" \/>\n<meta property=\"article:modified_time\" content=\"2024-05-07T10:07:33+00:00\" \/>\n<meta property=\"og:image\" content=\"https:\/\/miles-and-more.qiibee.com\/wp-content\/uploads\/2024\/03\/qb-mm-pertners-ftd.png\" \/>\n\t<meta property=\"og:image:width\" content=\"1920\" \/>\n\t<meta property=\"og:image:height\" content=\"1080\" \/>\n\t<meta property=\"og:image:type\" content=\"image\/png\" \/>\n<meta name=\"twitter:card\" content=\"summary_large_image\" \/>\n<meta name=\"twitter:label1\" content=\"Gesch\u00e4tzte Lesezeit\" \/>\n\t<meta name=\"twitter:data1\" content=\"5\u00a0Minuten\" \/>\n<script type=\"application\/ld+json\" class=\"yoast-schema-graph\">{\"@context\":\"https:\/\/schema.org\",\"@graph\":[{\"@type\":\"WebPage\",\"@id\":\"https:\/\/miles-and-more.qiibee.com\/de\/alle-partner\/\",\"url\":\"https:\/\/miles-and-more.qiibee.com\/de\/alle-partner\/\",\"name\":\"Alle Partner - Miles &amp; More Partners\",\"isPartOf\":{\"@id\":\"https:\/\/miles-and-more.qiibee.com\/#website\"},\"primaryImageOfPage\":{\"@id\":\"https:\/\/miles-and-more.qiibee.com\/de\/alle-partner\/#primaryimage\"},\"image\":{\"@id\":\"https:\/\/miles-and-more.qiibee.com\/de\/alle-partner\/#primaryimage\"},\"thumbnailUrl\":\"https:\/\/miles-and-more.qiibee.com\/wp-content\/uploads\/2024\/03\/qb-mm-pertners-ftd.png\",\"datePublished\":\"2024-03-01T20:11:22+00:00\",\"dateModified\":\"2024-05-07T10:07:33+00:00\",\"description\":\"Werden Sie Partner von Miles &amp; More und belohnen Sie Ihre Kunden mit wertvollen Meilen. Miles &amp; More ist Europas f\u00fchrendes Treueprogramm f\u00fcr unterwegs. Seine 30-j\u00e4hrige Erfahrung und die Zusammenarbeit mit 200 globalen Partnern machen es zum Experten f\u00fcr individuelle Kundenbetreuung und -bindung.\",\"breadcrumb\":{\"@id\":\"https:\/\/miles-and-more.qiibee.com\/de\/alle-partner\/#breadcrumb\"},\"inLanguage\":\"de\",\"potentialAction\":[{\"@type\":\"ReadAction\",\"target\":[\"https:\/\/miles-and-more.qiibee.com\/de\/alle-partner\/\"]}]},{\"@type\":\"ImageObject\",\"inLanguage\":\"de\",\"@id\":\"https:\/\/miles-and-more.qiibee.com\/de\/alle-partner\/#primaryimage\",\"url\":\"https:\/\/miles-and-more.qiibee.com\/wp-content\/uploads\/2024\/03\/qb-mm-pertners-ftd.png\",\"contentUrl\":\"https:\/\/miles-and-more.qiibee.com\/wp-content\/uploads\/2024\/03\/qb-mm-pertners-ftd.png\",\"width\":1920,\"height\":1080},{\"@type\":\"BreadcrumbList\",\"@id\":\"https:\/\/miles-and-more.qiibee.com\/de\/alle-partner\/#breadcrumb\",\"itemListElement\":[{\"@type\":\"ListItem\",\"position\":1,\"name\":\"Home\",\"item\":\"https:\/\/miles-and-more.qiibee.com\/de\/empfohlene-partner\/\"},{\"@type\":\"ListItem\",\"position\":2,\"name\":\"Alle Partner\"}]},{\"@type\":\"WebSite\",\"@id\":\"https:\/\/miles-and-more.qiibee.com\/#website\",\"url\":\"https:\/\/miles-and-more.qiibee.com\/\",\"name\":\"Miles &amp; More Partners\",\"description\":\"Miles &amp; More Partners\",\"potentialAction\":[{\"@type\":\"SearchAction\",\"target\":{\"@type\":\"EntryPoint\",\"urlTemplate\":\"https:\/\/miles-and-more.qiibee.com\/?s={search_term_string}\"},\"query-input\":\"required name=search_term_string\"}],\"inLanguage\":\"de\"}]}<\/script>\n<!-- \/ Yoast SEO plugin. -->","yoast_head_json":{"title":"Alle Partner - Miles &amp; More Partners","description":"Werden Sie Partner von Miles &amp; More und belohnen Sie Ihre Kunden mit wertvollen Meilen. Miles &amp; More ist Europas f\u00fchrendes Treueprogramm f\u00fcr unterwegs. Seine 30-j\u00e4hrige Erfahrung und die Zusammenarbeit mit 200 globalen Partnern machen es zum Experten f\u00fcr individuelle Kundenbetreuung und -bindung.","robots":{"index":"index","follow":"follow","max-snippet":"max-snippet:-1","max-image-preview":"max-image-preview:large","max-video-preview":"max-video-preview:-1"},"canonical":"https:\/\/miles-and-more.qiibee.com\/de\/alle-partner\/","og_locale":"de_DE","og_type":"article","og_title":"Alle Partner - Miles &amp; More Partners","og_description":"Werden Sie Partner von Miles &amp; More und belohnen Sie Ihre Kunden mit wertvollen Meilen. Miles &amp; More ist Europas f\u00fchrendes Treueprogramm f\u00fcr unterwegs. Seine 30-j\u00e4hrige Erfahrung und die Zusammenarbeit mit 200 globalen Partnern machen es zum Experten f\u00fcr individuelle Kundenbetreuung und -bindung.","og_url":"https:\/\/miles-and-more.qiibee.com\/de\/alle-partner\/","og_site_name":"Miles &amp; More Partners","article_modified_time":"2024-05-07T10:07:33+00:00","og_image":[{"width":1920,"height":1080,"url":"https:\/\/miles-and-more.qiibee.com\/wp-content\/uploads\/2024\/03\/qb-mm-pertners-ftd.png","type":"image\/png"}],"twitter_card":"summary_large_image","twitter_misc":{"Gesch\u00e4tzte Lesezeit":"5\u00a0Minuten"},"schema":{"@context":"https:\/\/schema.org","@graph":[{"@type":"WebPage","@id":"https:\/\/miles-and-more.qiibee.com\/de\/alle-partner\/","url":"https:\/\/miles-and-more.qiibee.com\/de\/alle-partner\/","name":"Alle Partner - Miles &amp; More Partners","isPartOf":{"@id":"https:\/\/miles-and-more.qiibee.com\/#website"},"primaryImageOfPage":{"@id":"https:\/\/miles-and-more.qiibee.com\/de\/alle-partner\/#primaryimage"},"image":{"@id":"https:\/\/miles-and-more.qiibee.com\/de\/alle-partner\/#primaryimage"},"thumbnailUrl":"https:\/\/miles-and-more.qiibee.com\/wp-content\/uploads\/2024\/03\/qb-mm-pertners-ftd.png","datePublished":"2024-03-01T20:11:22+00:00","dateModified":"2024-05-07T10:07:33+00:00","description":"Werden Sie Partner von Miles &amp; More und belohnen Sie Ihre Kunden mit wertvollen Meilen. Miles &amp; More ist Europas f\u00fchrendes Treueprogramm f\u00fcr unterwegs. Seine 30-j\u00e4hrige Erfahrung und die Zusammenarbeit mit 200 globalen Partnern machen es zum Experten f\u00fcr individuelle Kundenbetreuung und -bindung.","breadcrumb":{"@id":"https:\/\/miles-and-more.qiibee.com\/de\/alle-partner\/#breadcrumb"},"inLanguage":"de","potentialAction":[{"@type":"ReadAction","target":["https:\/\/miles-and-more.qiibee.com\/de\/alle-partner\/"]}]},{"@type":"ImageObject","inLanguage":"de","@id":"https:\/\/miles-and-more.qiibee.com\/de\/alle-partner\/#primaryimage","url":"https:\/\/miles-and-more.qiibee.com\/wp-content\/uploads\/2024\/03\/qb-mm-pertners-ftd.png","contentUrl":"https:\/\/miles-and-more.qiibee.com\/wp-content\/uploads\/2024\/03\/qb-mm-pertners-ftd.png","width":1920,"height":1080},{"@type":"BreadcrumbList","@id":"https:\/\/miles-and-more.qiibee.com\/de\/alle-partner\/#breadcrumb","itemListElement":[{"@type":"ListItem","position":1,"name":"Home","item":"https:\/\/miles-and-more.qiibee.com\/de\/empfohlene-partner\/"},{"@type":"ListItem","position":2,"name":"Alle Partner"}]},{"@type":"WebSite","@id":"https:\/\/miles-and-more.qiibee.com\/#website","url":"https:\/\/miles-and-more.qiibee.com\/","name":"Miles &amp; More Partners","description":"Miles &amp; More Partners","potentialAction":[{"@type":"SearchAction","target":{"@type":"EntryPoint","urlTemplate":"https:\/\/miles-and-more.qiibee.com\/?s={search_term_string}"},"query-input":"required name=search_term_string"}],"inLanguage":"de"}]}},"_links":{"self":[{"href":"https:\/\/miles-and-more.qiibee.com\/de\/wp-json\/wp\/v2\/pages\/943"}],"collection":[{"href":"https:\/\/miles-and-more.qiibee.com\/de\/wp-json\/wp\/v2\/pages"}],"about":[{"href":"https:\/\/miles-and-more.qiibee.com\/de\/wp-json\/wp\/v2\/types\/page"}],"author":[{"embeddable":true,"href":"https:\/\/miles-and-more.qiibee.com\/de\/wp-json\/wp\/v2\/users\/3"}],"replies":[{"embeddable":true,"href":"https:\/\/miles-and-more.qiibee.com\/de\/wp-json\/wp\/v2\/comments?post=943"}],"version-history":[{"count":5,"href":"https:\/\/miles-and-more.qiibee.com\/de\/wp-json\/wp\/v2\/pages\/943\/revisions"}],"predecessor-version":[{"id":948,"href":"https:\/\/miles-and-more.qiibee.com\/de\/wp-json\/wp\/v2\/pages\/943\/revisions\/948"}],"wp:featuredmedia":[{"embeddable":true,"href":"https:\/\/miles-and-more.qiibee.com\/de\/wp-json\/wp\/v2\/media\/864"}],"wp:attachment":[{"href":"https:\/\/miles-and-more.qiibee.com\/de\/wp-json\/wp\/v2\/media?parent=943"}],"curies":[{"name":"wp","href":"https:\/\/api.w.org\/{rel}","templated":true}]}}